{"id":253,"date":"2025-07-02T14:12:57","date_gmt":"2025-07-02T12:12:57","guid":{"rendered":"http:\/\/staging.top-global-brands.de\/?page_id=253"},"modified":"2025-07-03T10:01:27","modified_gmt":"2025-07-03T08:01:27","slug":"wichtige-hinweise","status":"publish","type":"page","link":"https:\/\/top-global-brands.de\/?page_id=253","title":{"rendered":"Wichtige Hinweise"},"content":{"rendered":"\t\t<div data-elementor-type=\"wp-page\" data-elementor-id=\"253\" class=\"elementor elementor-253\" data-elementor-post-type=\"page\">\n\t\t\t\t<div class=\"elementor-element elementor-element-d6e1b1d e-flex e-con-boxed e-con e-parent\" data-id=\"d6e1b1d\" data-element_type=\"container\" data-e-type=\"container\" data-settings=\"{&quot;background_background&quot;:&quot;gradient&quot;}\">\n\t\t\t\t\t<div class=\"e-con-inner\">\n\t\t<div class=\"elementor-element elementor-element-4d65f68 e-con-full e-flex e-con e-child\" data-id=\"4d65f68\" data-element_type=\"container\" data-e-type=\"container\">\n\t\t<div class=\"elementor-element elementor-element-a46fbc7 e-con-full e-flex e-con e-child\" data-id=\"a46fbc7\" data-element_type=\"container\" data-e-type=\"container\">\n\t\t\t\t<div class=\"elementor-element elementor-element-2c2d8f8 elementor-widget elementor-widget-heading\" data-id=\"2c2d8f8\" data-element_type=\"widget\" data-e-type=\"widget\" data-widget_type=\"heading.default\">\n\t\t\t\t\t<h2 class=\"elementor-heading-title elementor-size-default\">Wichtige Hinweise:\n<\/h2>\t\t\t\t<\/div>\n\t\t\t\t<div class=\"elementor-element elementor-element-fb6076e elementor-widget-divider--view-line elementor-widget elementor-widget-divider\" data-id=\"fb6076e\" data-element_type=\"widget\" data-e-type=\"widget\" data-widget_type=\"divider.default\">\n\t\t\t\t\t\t\t<div class=\"elementor-divider\">\n\t\t\t<span class=\"elementor-divider-separator\">\n\t\t\t\t\t\t<\/span>\n\t\t<\/div>\n\t\t\t\t\t\t<\/div>\n\t\t\t\t<div class=\"elementor-element elementor-element-3053d1c elementor-widget elementor-widget-text-editor\" data-id=\"3053d1c\" data-element_type=\"widget\" data-e-type=\"widget\" data-widget_type=\"text-editor.default\">\n\t\t\t\t\t\t\t\t\t<p>Die in dieser Publikation angegebenen Fondsinformationen sind zu allgemeinen Informationszwecken erstellt worden. Sie ersetzen weder eigene Marktrecherchen noch sonstige rechtliche, steuerliche oder finanzielle Information oder Beratung. Es handelt sich hierbei um eine Werbemitteilung und nicht um ein investmentrechtliches Pflichtdokument, welches allen gesetzlichen Anforderungen zur Unvoreingenommenheit von Finanzanalysen gen\u00fcgt. Diese Publikation entspricht eventuell nicht allen regulatorischen Anforderungen an ein solches Dokument, welche die jeweiligen L\u00e4nder hierf\u00fcr definiert haben. Es handelt sich um eine zusammenfassende Kurzdarstellung wesentlicher Fondsmerkmale und dient lediglich der Information des Anlegers. Die Publikation stellt keine Kauf- oder Verkaufsaufforderung oder Anlageberatung oder -empfehlung dar und ersetzt diese auch nicht. Diese Unterlagen enthalten nicht alle f\u00fcr wirtschaftlich bedeutende Entscheidungen wesentlichen Angaben und k\u00f6nnen von Informationen und Einsch\u00e4tzungen anderer Quellen\/Marktteilnehmer abweichen.<\/p><p>Die hierin enthaltenen Informationen sind f\u00fcr die in Teilen urheberrechtlich gesch\u00fctzt und d\u00fcrfen nicht vervielf\u00e4ltigt oder verbreitet werden. F\u00fcr deren Richtigkeit, Vollst\u00e4ndigkeit oder Aktualit\u00e4t wird keine Gew\u00e4hr \u00fcbernommen. Weder die Monega Kapitalanlagegesellschaft mbH, die Albrech &amp; Cie. Verm\u00f6gensverwaltung AG, ihre Organe und Mitarbeiter, noch der Portfolioverwalter oder Anlageberater oder Morningstar k\u00f6nnen f\u00fcr Verluste haftbar gemacht werden, die durch die Nutzung dieser Webseite, der Dokumente oder seiner Inhalte oder im sonstigen Zusammenhang mit dieser Publikation entstanden sind. Die vollst\u00e4ndigen Angaben zu dem Fonds sind dem jeweils aktuellen Verkaufsprospekt sowie ggf. den wesentlichen Anlegerinformationen, erg\u00e4nzt durch den letzten gepr\u00fcften Jahresbericht bzw. den letzten Halbjahresbericht zu entnehmen. Diese zuvor genannten Unterlagen stellen die alleinverbindliche Grundlage f\u00fcr den Kauf von Fondsanteilen dar. Sie sind in elektronischer oder gedruckter Form in deutscher Sprache kostenlos bei der Monega Kapitalanlagegesellschaft mbH, Stolkgasse 25-45, 50667 K\u00f6ln erh\u00e4ltlich. S\u00e4mtliche Ausf\u00fchrungen gehen von unserer Beurteilung der gegenw\u00e4rtigen Rechts- und Steuerlage aus. Alle Meinungsaussagen geben die aktuelle Einsch\u00e4tzung des Portfolioverwalters oder Anlageberaters wieder, die ohne vorherige Ank\u00fcndigung ge\u00e4ndert werden kann.<\/p><p>Bitte beachten Sie: Wertentwicklungen in der Vergangenheit sind kein verl\u00e4sslicher Indikator f\u00fcr die k\u00fcnftige Wertentwicklung. Investmentfonds unterliegen marktbedingten Kursschwankungen, die zu Verlusten, bis hin zum Totalverlust des eingesetzten Kapitals, f\u00fchren k\u00f6nnen. Es wird ausdr\u00fccklich auf die Risikohinweise des ausf\u00fchrlichen Verkaufsprospektes verwiesen.<\/p><p>Die Bruttowertentwicklung (BVI-Methode) ber\u00fccksichtigt bereits alle auf Fondsebene anfallenden Kosten und geht von einer Wiederanlage eventueller Aussch\u00fcttung aus. Sofern nicht anders angegeben, entsprechen alle dargestellten Wertentwicklungen der Bruttowertentwicklung. Sie ber\u00fccksichtigt keine anderen eventuell anfallenden individuellen Kosten des Anlegers, wie beispielsweise eine Depotf\u00fchrungsgeb\u00fchr. \u00dcber den \u201ePerformance- und Kennzahlenrechner\u201c auf der Detailansicht Ihres Fonds unter\u00a0<a href=\"www.https:\/\/monega.de\/\" rel=\"nofollow noopener\" target=\"_blank\">www.monega.de<\/a>\u00a0k\u00f6nnen Sie sich Ihre individuelle Wertentwicklung unter Ber\u00fccksichtigung aller Kosten berechnen lassen.<\/p><p>Die ausgegebenen Anteile dieses Fonds d\u00fcrfen nur in solchen Rechtsordnungen zum Kauf angeboten oder verkauft werden, in denen ein solches Angebot oder ein solcher Verkauf zul\u00e4ssig ist. So d\u00fcrfen die Anteile dieses Fonds weder innerhalb der USA noch an oder f\u00fcr Rechnung von US-Staatsb\u00fcrgern oder in den USA ans\u00e4ssigen US-Personen zum Kauf angeboten oder an diese verkauft werden. Dieses Dokument und die in ihm enthaltenen Informationen d\u00fcrfen nicht in den USA verbreitet werden.<\/p><p>Die Verbreitung und Ver\u00f6ffentlichung dieses Dokumentes sowie das Angebot oder ein Verkauf der Anteile k\u00f6nnen auch in anderen Rechtsordnungen Beschr\u00e4nkungen unterworfen sein.<\/p>\t\t\t\t\t\t\t\t<\/div>\n\t\t\t\t<\/div>\n\t\t\t\t<\/div>\n\t\t\t\t\t<\/div>\n\t\t\t\t<\/div>\n\t\t\t\t<\/div>\n\t\t","protected":false},"excerpt":{"rendered":"<p>Wichtige Hinweise: Die in dieser Publikation angegebenen Fondsinformationen sind zu allgemeinen Informationszwecken erstellt worden. Sie ersetzen weder eigene Marktrecherchen noch sonstige rechtliche, steuerliche oder finanzielle Information oder Beratung. Es handelt sich hierbei um eine Werbemitteilung und nicht um ein investmentrechtliches Pflichtdokument, welches allen gesetzlichen Anforderungen zur Unvoreingenommenheit von Finanzanalysen gen\u00fcgt. Diese Publikation entspricht eventuell nicht [&hellip;]<\/p>\n","protected":false},"author":1,"featured_media":0,"parent":0,"menu_order":0,"comment_status":"closed","ping_status":"closed","template":"","meta":{"_acf_changed":false,"footnotes":""},"class_list":["post-253","page","type-page","status-publish","hentry"],"acf":[],"_links":{"self":[{"href":"https:\/\/top-global-brands.de\/index.php?rest_route=\/wp\/v2\/pages\/253","targetHints":{"allow":["GET"]}}],"collection":[{"href":"https:\/\/top-global-brands.de\/index.php?rest_route=\/wp\/v2\/pages"}],"about":[{"href":"https:\/\/top-global-brands.de\/index.php?rest_route=\/wp\/v2\/types\/page"}],"author":[{"embeddable":true,"href":"https:\/\/top-global-brands.de\/index.php?rest_route=\/wp\/v2\/users\/1"}],"replies":[{"embeddable":true,"href":"https:\/\/top-global-brands.de\/index.php?rest_route=%2Fwp%2Fv2%2Fcomments&post=253"}],"version-history":[{"count":5,"href":"https:\/\/top-global-brands.de\/index.php?rest_route=\/wp\/v2\/pages\/253\/revisions"}],"predecessor-version":[{"id":436,"href":"https:\/\/top-global-brands.de\/index.php?rest_route=\/wp\/v2\/pages\/253\/revisions\/436"}],"wp:attachment":[{"href":"https:\/\/top-global-brands.de\/index.php?rest_route=%2Fwp%2Fv2%2Fmedia&parent=253"}],"curies":[{"name":"wp","href":"https:\/\/api.w.org\/{rel}","templated":true}]}}