{"id":389,"date":"2025-07-03T09:32:31","date_gmt":"2025-07-03T07:32:31","guid":{"rendered":"http:\/\/staging.top-global-brands.de\/?page_id=389"},"modified":"2025-07-03T09:39:33","modified_gmt":"2025-07-03T07:39:33","slug":"wettbewerbsvorteil","status":"publish","type":"page","link":"https:\/\/top-global-brands.de\/?page_id=389","title":{"rendered":"Wettbewerbsvorteil"},"content":{"rendered":"\t\t<div data-elementor-type=\"wp-page\" data-elementor-id=\"389\" class=\"elementor elementor-389\" data-elementor-post-type=\"page\">\n\t\t\t\t<div class=\"elementor-element elementor-element-b0f91de e-flex e-con-boxed e-con e-parent\" data-id=\"b0f91de\" data-element_type=\"container\" data-e-type=\"container\" data-settings=\"{&quot;background_background&quot;:&quot;gradient&quot;}\">\n\t\t\t\t\t<div class=\"e-con-inner\">\n\t\t<div class=\"elementor-element elementor-element-432bced e-con-full e-flex e-con e-child\" data-id=\"432bced\" data-element_type=\"container\" data-e-type=\"container\">\n\t\t<div class=\"elementor-element elementor-element-3f0f339 e-con-full e-flex e-con e-child\" data-id=\"3f0f339\" data-element_type=\"container\" data-e-type=\"container\">\n\t\t\t\t<div class=\"elementor-element elementor-element-2dcda6a elementor-widget elementor-widget-heading\" data-id=\"2dcda6a\" data-element_type=\"widget\" data-e-type=\"widget\" data-widget_type=\"heading.default\">\n\t\t\t\t\t<h2 class=\"elementor-heading-title elementor-size-default\">Wettbewerbsvorteil<\/h2>\t\t\t\t<\/div>\n\t\t\t\t<div class=\"elementor-element elementor-element-0806c03 elementor-widget-divider--view-line elementor-widget elementor-widget-divider\" data-id=\"0806c03\" data-element_type=\"widget\" data-e-type=\"widget\" data-widget_type=\"divider.default\">\n\t\t\t\t\t\t\t<div class=\"elementor-divider\">\n\t\t\t<span class=\"elementor-divider-separator\">\n\t\t\t\t\t\t<\/span>\n\t\t<\/div>\n\t\t\t\t\t\t<\/div>\n\t\t\t\t<div class=\"elementor-element elementor-element-ee7a899 elementor-widget elementor-widget-heading\" data-id=\"ee7a899\" data-element_type=\"widget\" data-e-type=\"widget\" data-widget_type=\"heading.default\">\n\t\t\t\t\t<h2 class=\"elementor-heading-title elementor-size-default\">Die Schaffung von Markenbekanntheit:<\/h2>\t\t\t\t<\/div>\n\t\t\t\t<div class=\"elementor-element elementor-element-000723c elementor-widget elementor-widget-text-editor\" data-id=\"000723c\" data-element_type=\"widget\" data-e-type=\"widget\" data-widget_type=\"text-editor.default\">\n\t\t\t\t\t\t\t\t\tMarkenbekanntheit ist der Grad, in dem eine Marke von Verbrauchern erkannt und mit bestimmten Produkten oder Dienstleistungen in Verbindung gebracht wird. Eine hohe Markenbekanntheit ist entscheidend, um in den K\u00f6pfen der Verbraucher pr\u00e4sent zu sein und die Aufmerksamkeit auf sich zu ziehen. Hier sind einige wichtige Aspekte, wie die Schaffung von Markenbekanntheit Wettbewerbsvorteile schafft:\t\t\t\t\t\t\t\t<\/div>\n\t\t\t\t<div class=\"elementor-element elementor-element-89d7c4c elementor-icon-list--layout-traditional elementor-list-item-link-full_width elementor-widget elementor-widget-icon-list\" data-id=\"89d7c4c\" data-element_type=\"widget\" data-e-type=\"widget\" data-widget_type=\"icon-list.default\">\n\t\t\t\t\t\t\t<ul class=\"elementor-icon-list-items\">\n\t\t\t\t\t\t\t<li class=\"elementor-icon-list-item\">\n\t\t\t\t\t\t\t\t\t\t\t<span class=\"elementor-icon-list-icon\">\n\t\t\t\t\t\t\t<svg aria-hidden=\"true\" class=\"e-font-icon-svg e-fas-check\" viewBox=\"0 0 512 512\" xmlns=\"http:\/\/www.w3.org\/2000\/svg\"><path d=\"M173.898 439.404l-166.4-166.4c-9.997-9.997-9.997-26.206 0-36.204l36.203-36.204c9.997-9.998 26.207-9.998 36.204 0L192 312.69 432.095 72.596c9.997-9.997 26.207-9.997 36.204 0l36.203 36.204c9.997 9.997 9.997 26.206 0 36.204l-294.4 294.401c-9.998 9.997-26.207 9.997-36.204-.001z\"><\/path><\/svg>\t\t\t\t\t\t<\/span>\n\t\t\t\t\t\t\t\t\t\t<span class=\"elementor-icon-list-text\"><b>Differenzierung von der Konkurrenz:<\/b> Eine gut etablierte Marke hebt sich von der Konkurrenz ab und erm\u00f6glicht es Verbrauchern, Produkte oder Dienstleistungen leichter zu identifizieren.<\/span>\n\t\t\t\t\t\t\t\t\t<\/li>\n\t\t\t\t\t\t\t\t<li class=\"elementor-icon-list-item\">\n\t\t\t\t\t\t\t\t\t\t\t<span class=\"elementor-icon-list-icon\">\n\t\t\t\t\t\t\t<svg aria-hidden=\"true\" class=\"e-font-icon-svg e-fas-check\" viewBox=\"0 0 512 512\" xmlns=\"http:\/\/www.w3.org\/2000\/svg\"><path d=\"M173.898 439.404l-166.4-166.4c-9.997-9.997-9.997-26.206 0-36.204l36.203-36.204c9.997-9.998 26.207-9.998 36.204 0L192 312.69 432.095 72.596c9.997-9.997 26.207-9.997 36.204 0l36.203 36.204c9.997 9.997 9.997 26.206 0 36.204l-294.4 294.401c-9.998 9.997-26.207 9.997-36.204-.001z\"><\/path><\/svg>\t\t\t\t\t\t<\/span>\n\t\t\t\t\t\t\t\t\t\t<span class=\"elementor-icon-list-text\"><b>Vertrauen und Glaubw\u00fcrdigkeit:<\/b> Eine bekannte Marke kann Vertrauen und Glaubw\u00fcrdigkeit bei den Verbrauchern aufbauen, da sie als zuverl\u00e4ssig und qualitativ hochwertig wahrgenommen wird.<\/span>\n\t\t\t\t\t\t\t\t\t<\/li>\n\t\t\t\t\t\t\t\t<li class=\"elementor-icon-list-item\">\n\t\t\t\t\t\t\t\t\t\t\t<span class=\"elementor-icon-list-icon\">\n\t\t\t\t\t\t\t<svg aria-hidden=\"true\" class=\"e-font-icon-svg e-fas-check\" viewBox=\"0 0 512 512\" xmlns=\"http:\/\/www.w3.org\/2000\/svg\"><path d=\"M173.898 439.404l-166.4-166.4c-9.997-9.997-9.997-26.206 0-36.204l36.203-36.204c9.997-9.998 26.207-9.998 36.204 0L192 312.69 432.095 72.596c9.997-9.997 26.207-9.997 36.204 0l36.203 36.204c9.997 9.997 9.997 26.206 0 36.204l-294.4 294.401c-9.998 9.997-26.207 9.997-36.204-.001z\"><\/path><\/svg>\t\t\t\t\t\t<\/span>\n\t\t\t\t\t\t\t\t\t\t<span class=\"elementor-icon-list-text\"><b>Erh\u00f6hte Kundenbindung:<\/b> Verbraucher neigen dazu, bei Marken zu bleiben, die sie kennen und denen sie vertrauen, was zu wiederholten K\u00e4ufen f\u00fchrt.<\/span>\n\t\t\t\t\t\t\t\t\t<\/li>\n\t\t\t\t\t\t<\/ul>\n\t\t\t\t\t\t<\/div>\n\t\t\t\t<\/div>\n\t\t<div class=\"elementor-element elementor-element-e6df023 e-con-full e-flex e-con e-child\" data-id=\"e6df023\" data-element_type=\"container\" data-e-type=\"container\">\n\t\t\t\t<div class=\"elementor-element elementor-element-ad98407 elementor-widget elementor-widget-image\" data-id=\"ad98407\" data-element_type=\"widget\" data-e-type=\"widget\" data-widget_type=\"image.default\">\n\t\t\t\t\t\t\t\t\t\t\t\t\t\t\t<img fetchpriority=\"high\" decoding=\"async\" width=\"800\" height=\"800\" src=\"https:\/\/top-global-brands.de\/wp-content\/uploads\/2025\/07\/Wettbewerbsvorteil-01-1024x1024.webp\" class=\"attachment-large size-large wp-image-87\" alt=\"\" srcset=\"https:\/\/top-global-brands.de\/wp-content\/uploads\/2025\/07\/Wettbewerbsvorteil-01-1024x1024.webp 1024w, https:\/\/top-global-brands.de\/wp-content\/uploads\/2025\/07\/Wettbewerbsvorteil-01-300x300.webp 300w, https:\/\/top-global-brands.de\/wp-content\/uploads\/2025\/07\/Wettbewerbsvorteil-01-150x150.webp 150w, https:\/\/top-global-brands.de\/wp-content\/uploads\/2025\/07\/Wettbewerbsvorteil-01-768x768.webp 768w, https:\/\/top-global-brands.de\/wp-content\/uploads\/2025\/07\/Wettbewerbsvorteil-01.webp 1080w\" sizes=\"(max-width: 800px) 100vw, 800px\" \/>\t\t\t\t\t\t\t\t\t\t\t\t\t\t\t<\/div>\n\t\t\t\t<div class=\"elementor-element elementor-element-28aeecc elementor-widget__width-initial elementor-widget elementor-widget-text-editor\" data-id=\"28aeecc\" data-element_type=\"widget\" data-e-type=\"widget\" data-widget_type=\"text-editor.default\">\n\t\t\t\t\t\t\t\t\tFerrari und Mastercard haben beide starke Marken, die sie von ihren Wettbewerbern differenzieren. Ferrari steht f\u00fcr Luxus und Exklusivit\u00e4t im Automobilsektor, w\u00e4hrend Mastercard eine der f\u00fchrenden globalen Zahlungsmarken ist und ihre Pr\u00e4senz auf dem Markt f\u00fcr Zahlungsdienste festigt.\t\t\t\t\t\t\t\t<\/div>\n\t\t\t\t<\/div>\n\t\t\t\t<\/div>\n\t\t<div class=\"elementor-element elementor-element-ac24905 e-con-full e-flex e-con e-child\" data-id=\"ac24905\" data-element_type=\"container\" data-e-type=\"container\">\n\t\t<div class=\"elementor-element elementor-element-3b4ce77 e-con-full e-flex e-con e-child\" data-id=\"3b4ce77\" data-element_type=\"container\" data-e-type=\"container\">\n\t\t\t\t<div class=\"elementor-element elementor-element-bd7da25 elementor-widget elementor-widget-heading\" data-id=\"bd7da25\" data-element_type=\"widget\" data-e-type=\"widget\" data-widget_type=\"heading.default\">\n\t\t\t\t\t<h2 class=\"elementor-heading-title elementor-size-default\">Das Vertrauen der Verbraucher:<\/h2>\t\t\t\t<\/div>\n\t\t\t\t<div class=\"elementor-element elementor-element-8182720 elementor-widget-divider--view-line elementor-widget elementor-widget-divider\" data-id=\"8182720\" data-element_type=\"widget\" data-e-type=\"widget\" data-widget_type=\"divider.default\">\n\t\t\t\t\t\t\t<div class=\"elementor-divider\">\n\t\t\t<span class=\"elementor-divider-separator\">\n\t\t\t\t\t\t<\/span>\n\t\t<\/div>\n\t\t\t\t\t\t<\/div>\n\t\t\t\t<div class=\"elementor-element elementor-element-ef0c6ba elementor-widget elementor-widget-text-editor\" data-id=\"ef0c6ba\" data-element_type=\"widget\" data-e-type=\"widget\" data-widget_type=\"text-editor.default\">\n\t\t\t\t\t\t\t\t\tDas Vertrauen der Verbraucher in eine Marke ist ein entscheidender Faktor f\u00fcr ihren langfristigen Erfolg. Unternehmen, die das Vertrauen ihrer Kunden gewinnen und aufrechterhalten k\u00f6nnen, haben einen klaren Wettbewerbsvorteil. Hier sind einige Aspekte, wie das Vertrauen der Verbraucher durch Markenf\u00fchrung gest\u00e4rkt wird:\t\t\t\t\t\t\t\t<\/div>\n\t\t\t\t<div class=\"elementor-element elementor-element-ec78470 elementor-icon-list--layout-traditional elementor-list-item-link-full_width elementor-widget elementor-widget-icon-list\" data-id=\"ec78470\" data-element_type=\"widget\" data-e-type=\"widget\" data-widget_type=\"icon-list.default\">\n\t\t\t\t\t\t\t<ul class=\"elementor-icon-list-items\">\n\t\t\t\t\t\t\t<li class=\"elementor-icon-list-item\">\n\t\t\t\t\t\t\t\t\t\t\t<span class=\"elementor-icon-list-icon\">\n\t\t\t\t\t\t\t<svg aria-hidden=\"true\" class=\"e-font-icon-svg e-fas-check\" viewBox=\"0 0 512 512\" xmlns=\"http:\/\/www.w3.org\/2000\/svg\"><path d=\"M173.898 439.404l-166.4-166.4c-9.997-9.997-9.997-26.206 0-36.204l36.203-36.204c9.997-9.998 26.207-9.998 36.204 0L192 312.69 432.095 72.596c9.997-9.997 26.207-9.997 36.204 0l36.203 36.204c9.997 9.997 9.997 26.206 0 36.204l-294.4 294.401c-9.998 9.997-26.207 9.997-36.204-.001z\"><\/path><\/svg>\t\t\t\t\t\t<\/span>\n\t\t\t\t\t\t\t\t\t\t<span class=\"elementor-icon-list-text\"><b>Qualit\u00e4t und Konsistenz: <\/b>Konsistente Qualit\u00e4t und Leistung \u00fcber die Zeit hinweg bauen das Vertrauen der Verbraucher auf.<\/span>\n\t\t\t\t\t\t\t\t\t<\/li>\n\t\t\t\t\t\t\t\t<li class=\"elementor-icon-list-item\">\n\t\t\t\t\t\t\t\t\t\t\t<span class=\"elementor-icon-list-icon\">\n\t\t\t\t\t\t\t<svg aria-hidden=\"true\" class=\"e-font-icon-svg e-fas-check\" viewBox=\"0 0 512 512\" xmlns=\"http:\/\/www.w3.org\/2000\/svg\"><path d=\"M173.898 439.404l-166.4-166.4c-9.997-9.997-9.997-26.206 0-36.204l36.203-36.204c9.997-9.998 26.207-9.998 36.204 0L192 312.69 432.095 72.596c9.997-9.997 26.207-9.997 36.204 0l36.203 36.204c9.997 9.997 9.997 26.206 0 36.204l-294.4 294.401c-9.998 9.997-26.207 9.997-36.204-.001z\"><\/path><\/svg>\t\t\t\t\t\t<\/span>\n\t\t\t\t\t\t\t\t\t\t<span class=\"elementor-icon-list-text\"><b>Transparente Kommunikation: <\/b>Offene und ehrliche Kommunikation \u00fcber Produkte, Dienstleistungen und Unternehmenswerte schafft Vertrauen.<\/span>\n\t\t\t\t\t\t\t\t\t<\/li>\n\t\t\t\t\t\t\t\t<li class=\"elementor-icon-list-item\">\n\t\t\t\t\t\t\t\t\t\t\t<span class=\"elementor-icon-list-icon\">\n\t\t\t\t\t\t\t<svg aria-hidden=\"true\" class=\"e-font-icon-svg e-fas-check\" viewBox=\"0 0 512 512\" xmlns=\"http:\/\/www.w3.org\/2000\/svg\"><path d=\"M173.898 439.404l-166.4-166.4c-9.997-9.997-9.997-26.206 0-36.204l36.203-36.204c9.997-9.998 26.207-9.998 36.204 0L192 312.69 432.095 72.596c9.997-9.997 26.207-9.997 36.204 0l36.203 36.204c9.997 9.997 9.997 26.206 0 36.204l-294.4 294.401c-9.998 9.997-26.207 9.997-36.204-.001z\"><\/path><\/svg>\t\t\t\t\t\t<\/span>\n\t\t\t\t\t\t\t\t\t\t<span class=\"elementor-icon-list-text\"><b>Erf\u00fcllung von Erwartungen: <\/b>Eine Marke, die kontinuierlich die Erwartungen der Verbraucher erf\u00fcllt oder \u00fcbertrifft, gewinnt an Vertrauen. <\/span>\n\t\t\t\t\t\t\t\t\t<\/li>\n\t\t\t\t\t\t<\/ul>\n\t\t\t\t\t\t<\/div>\n\t\t\t\t<\/div>\n\t\t<div class=\"elementor-element elementor-element-343a6d9 e-con-full e-flex e-con e-child\" data-id=\"343a6d9\" data-element_type=\"container\" data-e-type=\"container\">\n\t\t\t\t<div class=\"elementor-element elementor-element-9254280 elementor-widget elementor-widget-heading\" data-id=\"9254280\" data-element_type=\"widget\" data-e-type=\"widget\" data-widget_type=\"heading.default\">\n\t\t\t\t\t<h2 class=\"elementor-heading-title elementor-size-default\">Produktloyalit\u00e4t als Schl\u00fcssel zum Erfolg:\n<\/h2>\t\t\t\t<\/div>\n\t\t\t\t<div class=\"elementor-element elementor-element-94dd7c6 elementor-widget-divider--view-line elementor-widget elementor-widget-divider\" data-id=\"94dd7c6\" data-element_type=\"widget\" data-e-type=\"widget\" data-widget_type=\"divider.default\">\n\t\t\t\t\t\t\t<div class=\"elementor-divider\">\n\t\t\t<span class=\"elementor-divider-separator\">\n\t\t\t\t\t\t<\/span>\n\t\t<\/div>\n\t\t\t\t\t\t<\/div>\n\t\t\t\t<div class=\"elementor-element elementor-element-bf23877 elementor-widget elementor-widget-text-editor\" data-id=\"bf23877\" data-element_type=\"widget\" data-e-type=\"widget\" data-widget_type=\"text-editor.default\">\n\t\t\t\t\t\t\t\t\tProduktloyalit\u00e4t bezieht sich auf die Tendenz von Kunden, wiederholt Produkte oder Dienstleistungen einer bestimmten Marke zu w\u00e4hlen. Dies ist entscheidend f\u00fcr den langfristigen Erfolg eines Unternehmens, da es die Kundenbindung und wiederkehrende Einnahmen f\u00f6rdert. Hier sind einige Gr\u00fcnde, warum Produktloyalit\u00e4t ein Schl\u00fcssel zum Erfolg ist:\t\t\t\t\t\t\t\t<\/div>\n\t\t\t\t<div class=\"elementor-element elementor-element-a1acd51 elementor-icon-list--layout-traditional elementor-list-item-link-full_width elementor-widget elementor-widget-icon-list\" data-id=\"a1acd51\" data-element_type=\"widget\" data-e-type=\"widget\" data-widget_type=\"icon-list.default\">\n\t\t\t\t\t\t\t<ul class=\"elementor-icon-list-items\">\n\t\t\t\t\t\t\t<li class=\"elementor-icon-list-item\">\n\t\t\t\t\t\t\t\t\t\t\t<span class=\"elementor-icon-list-icon\">\n\t\t\t\t\t\t\t<svg aria-hidden=\"true\" class=\"e-font-icon-svg e-fas-check\" viewBox=\"0 0 512 512\" xmlns=\"http:\/\/www.w3.org\/2000\/svg\"><path d=\"M173.898 439.404l-166.4-166.4c-9.997-9.997-9.997-26.206 0-36.204l36.203-36.204c9.997-9.998 26.207-9.998 36.204 0L192 312.69 432.095 72.596c9.997-9.997 26.207-9.997 36.204 0l36.203 36.204c9.997 9.997 9.997 26.206 0 36.204l-294.4 294.401c-9.998 9.997-26.207 9.997-36.204-.001z\"><\/path><\/svg>\t\t\t\t\t\t<\/span>\n\t\t\t\t\t\t\t\t\t\t<span class=\"elementor-icon-list-text\"><b>Wiederkehrende Einnahmen: <\/b>Loyalit\u00e4tsprogramme und wiederkehrende K\u00e4ufe von Stammkunden tragen zu einer stabilen Einnahmenquelle bei.<\/span>\n\t\t\t\t\t\t\t\t\t<\/li>\n\t\t\t\t\t\t\t\t<li class=\"elementor-icon-list-item\">\n\t\t\t\t\t\t\t\t\t\t\t<span class=\"elementor-icon-list-icon\">\n\t\t\t\t\t\t\t<svg aria-hidden=\"true\" class=\"e-font-icon-svg e-fas-check\" viewBox=\"0 0 512 512\" xmlns=\"http:\/\/www.w3.org\/2000\/svg\"><path d=\"M173.898 439.404l-166.4-166.4c-9.997-9.997-9.997-26.206 0-36.204l36.203-36.204c9.997-9.998 26.207-9.998 36.204 0L192 312.69 432.095 72.596c9.997-9.997 26.207-9.997 36.204 0l36.203 36.204c9.997 9.997 9.997 26.206 0 36.204l-294.4 294.401c-9.998 9.997-26.207 9.997-36.204-.001z\"><\/path><\/svg>\t\t\t\t\t\t<\/span>\n\t\t\t\t\t\t\t\t\t\t<span class=\"elementor-icon-list-text\"><b>Wettbewerbsvorteil:<\/b> Kunden, die loyal sind, sind weniger anf\u00e4llig f\u00fcr die Konkurrenz und k\u00f6nnen zur St\u00e4rkung der Marktposition beitragen.<\/span>\n\t\t\t\t\t\t\t\t\t<\/li>\n\t\t\t\t\t\t\t\t<li class=\"elementor-icon-list-item\">\n\t\t\t\t\t\t\t\t\t\t\t<span class=\"elementor-icon-list-icon\">\n\t\t\t\t\t\t\t<svg aria-hidden=\"true\" class=\"e-font-icon-svg e-fas-check\" viewBox=\"0 0 512 512\" xmlns=\"http:\/\/www.w3.org\/2000\/svg\"><path d=\"M173.898 439.404l-166.4-166.4c-9.997-9.997-9.997-26.206 0-36.204l36.203-36.204c9.997-9.998 26.207-9.998 36.204 0L192 312.69 432.095 72.596c9.997-9.997 26.207-9.997 36.204 0l36.203 36.204c9.997 9.997 9.997 26.206 0 36.204l-294.4 294.401c-9.998 9.997-26.207 9.997-36.204-.001z\"><\/path><\/svg>\t\t\t\t\t\t<\/span>\n\t\t\t\t\t\t\t\t\t\t<span class=\"elementor-icon-list-text\"><b>Mundpropaganda: <\/b>Loyalit\u00e4tskunden neigen dazu, ihre positiven Erfahrungen mit anderen zu teilen und so neue Kunden anzuziehen.<\/span>\n\t\t\t\t\t\t\t\t\t<\/li>\n\t\t\t\t\t\t<\/ul>\n\t\t\t\t\t\t<\/div>\n\t\t\t\t<div class=\"elementor-element elementor-element-4ad66a8 elementor-widget elementor-widget-text-editor\" data-id=\"4ad66a8\" data-element_type=\"widget\" data-e-type=\"widget\" data-widget_type=\"text-editor.default\">\n\t\t\t\t\t\t\t\t\tUnternehmen, die eine starke Markenf\u00fchrung und Produktloyalit\u00e4t entwickeln, sind besser positioniert, um sich in wettbewerbsintensiven M\u00e4rkten zu behaupten und langfristig erfolgreich zu sein.\n\n\t\t\t\t\t\t\t\t<\/div>\n\t\t\t\t<\/div>\n\t\t\t\t<\/div>\n\t\t\t\t\t<\/div>\n\t\t\t\t<\/div>\n\t\t\t\t<\/div>\n\t\t","protected":false},"excerpt":{"rendered":"<p>Wettbewerbsvorteil Die Schaffung von Markenbekanntheit: Markenbekanntheit ist der Grad, in dem eine Marke von Verbrauchern erkannt und mit bestimmten Produkten oder Dienstleistungen in Verbindung gebracht wird. Eine hohe Markenbekanntheit ist entscheidend, um in den K\u00f6pfen der Verbraucher pr\u00e4sent zu sein und die Aufmerksamkeit auf sich zu ziehen. Hier sind einige wichtige Aspekte, wie die Schaffung [&hellip;]<\/p>\n","protected":false},"author":1,"featured_media":0,"parent":0,"menu_order":0,"comment_status":"closed","ping_status":"closed","template":"","meta":{"_acf_changed":false,"footnotes":""},"class_list":["post-389","page","type-page","status-publish","hentry"],"acf":[],"_links":{"self":[{"href":"https:\/\/top-global-brands.de\/index.php?rest_route=\/wp\/v2\/pages\/389","targetHints":{"allow":["GET"]}}],"collection":[{"href":"https:\/\/top-global-brands.de\/index.php?rest_route=\/wp\/v2\/pages"}],"about":[{"href":"https:\/\/top-global-brands.de\/index.php?rest_route=\/wp\/v2\/types\/page"}],"author":[{"embeddable":true,"href":"https:\/\/top-global-brands.de\/index.php?rest_route=\/wp\/v2\/users\/1"}],"replies":[{"embeddable":true,"href":"https:\/\/top-global-brands.de\/index.php?rest_route=%2Fwp%2Fv2%2Fcomments&post=389"}],"version-history":[{"count":5,"href":"https:\/\/top-global-brands.de\/index.php?rest_route=\/wp\/v2\/pages\/389\/revisions"}],"predecessor-version":[{"id":399,"href":"https:\/\/top-global-brands.de\/index.php?rest_route=\/wp\/v2\/pages\/389\/revisions\/399"}],"wp:attachment":[{"href":"https:\/\/top-global-brands.de\/index.php?rest_route=%2Fwp%2Fv2%2Fmedia&parent=389"}],"curies":[{"name":"wp","href":"https:\/\/api.w.org\/{rel}","templated":true}]}}